{"id":2752,"date":"2026-01-21T06:52:26","date_gmt":"2026-01-21T05:52:26","guid":{"rendered":"https:\/\/tryghedsappen.dk\/integritetspolicy\/"},"modified":"2026-03-18T08:46:09","modified_gmt":"2026-03-18T07:46:09","slug":"integritetspolicy","status":"publish","type":"page","link":"https:\/\/tryghedsappen.dk\/sv\/integritetspolicy\/","title":{"rendered":"Integritetspolicy"},"content":{"rendered":"\t\t<div data-elementor-type=\"wp-page\" data-elementor-id=\"2752\" class=\"elementor elementor-2752 elementor-1305\" data-elementor-post-type=\"page\">\n\t\t\t\t<div class=\"elementor-element elementor-element-06273bd e-flex e-con-boxed e-con e-parent\" data-id=\"06273bd\" data-element_type=\"container\" data-e-type=\"container\" data-settings=\"{&quot;background_background&quot;:&quot;classic&quot;}\">\n\t\t\t\t\t<div class=\"e-con-inner\">\n\t\t\t\t<div class=\"elementor-element elementor-element-9ab8fb6 elementor-widget elementor-widget-heading\" data-id=\"9ab8fb6\" data-element_type=\"widget\" data-e-type=\"widget\" data-widget_type=\"heading.default\">\n\t\t\t\t\t<h2 class=\"elementor-heading-title elementor-size-default\">Integritetspolicy<\/h2>\t\t\t\t<\/div>\n\t\t\t\t\t<\/div>\n\t\t\t\t<\/div>\n\t\t<div class=\"elementor-element elementor-element-03a4ad9 e-flex e-con-boxed e-con e-parent\" data-id=\"03a4ad9\" data-element_type=\"container\" data-e-type=\"container\" data-settings=\"{&quot;background_background&quot;:&quot;classic&quot;}\">\n\t\t\t\t\t<div class=\"e-con-inner\">\n\t\t<div class=\"elementor-element elementor-element-17375a4 e-con-full e-flex e-con e-child\" data-id=\"17375a4\" data-element_type=\"container\" data-e-type=\"container\">\n\t\t<div class=\"elementor-element elementor-element-ba862ec e-con-full e-flex e-con e-child\" data-id=\"ba862ec\" data-element_type=\"container\" data-e-type=\"container\" data-settings=\"{&quot;background_background&quot;:&quot;classic&quot;}\">\n\t\t\t\t<div class=\"elementor-element elementor-element-17f2174 elementor-widget elementor-widget-heading\" data-id=\"17f2174\" data-element_type=\"widget\" data-e-type=\"widget\" data-widget_type=\"heading.default\">\n\t\t\t\t\t<h2 class=\"elementor-heading-title elementor-size-default\">Integritetspolicy \u2013 Tryghedsappen (\u00e4ven marknadsf\u00f6rd som FeelingSafe)<\/h2>\t\t\t\t<\/div>\n\t\t\t\t<div class=\"elementor-element elementor-element-bf78fa5 elementor-widget elementor-widget-text-editor\" data-id=\"bf78fa5\" data-element_type=\"widget\" data-e-type=\"widget\" data-widget_type=\"text-editor.default\">\n\t\t\t\t\t\t\t\t\t<p class=\"p1\">Effective date: 2026-03-04<\/p><p class=\"p1\"><b>Personuppgiftsansvarig<\/b><\/p><p class=\"p2\">Tryghedsappen ApS<br \/>Suomivej 4<br \/>1927 K\u00f8benhavn F<br \/>Denmark<\/p><p class=\"p2\">CVR: 45 73 31 22<\/p><p class=\"p3\">Email: gdpr@tryghedsappen.dk<\/p><p class=\"p1\"><b>1. Personuppgiftsansvarig<\/b><\/p><p class=\"p3\">Tryghedsappen ApS \u00e4r personuppgiftsansvarig f\u00f6r behandlingen av personuppgifter via mobilappen Tryghedsappen (\u00e4ven marknadsf\u00f6rd som FeelingSafe) och tillh\u00f6rande supporttj\u00e4nster.<\/p><p class=\"p1\"><b>2. Omfattning<\/b><\/p><p class=\"p3\">Denna policy g\u00e4ller Tryghedsappen, relaterade s\u00e4kerhets- och larmtj\u00e4nster samt kundsupport. Abonnemang och betalningar hanteras via Apple App Store och Google Play enligt deras egna villkor och policyer.<\/p><p class=\"p1\"><b>3. Kategorier av personuppgifter<\/b><\/p><p class=\"p3\">Vi behandlar endast de personuppgifter som beh\u00f6vs f\u00f6r att tillhandah\u00e5lla tj\u00e4nsten, t.ex.: kontoid (Apple\/Google-inloggnings-ID), eventuell e\u2011postrelay, n\u00f6dkontakter som du anger (namn, telefon, e\u2011post vid behov), larmeh\u00e4ndelser (tid, status, mottagare, leveransbekr\u00e4ftelser d\u00e4r det finns), platsdata endast under aktivt larm, enhets-\/appinformation (enhetstyp, OS-version, appversion), s\u00e4kerhets-\/autentiseringsdata (token, \u00e5tkomstloggar) samt supportkommunikation.<\/p><p class=\"p1\"><b>4. \u00c4ndam\u00e5l och r\u00e4ttslig grund<\/b><\/p><p class=\"p2\">Vi behandlar personuppgifter f\u00f6r: (A) att leverera tj\u00e4nsten, \u00e5tkomstkontroll och abonnemang \u2013 avtal (artikel 6.1 b GDPR); (B) s\u00e4kerhet, bedr\u00e4gerif\u00f6rebyggande och drifts\u00e4kerhet \u2013 ber\u00e4ttigat intresse (artikel 6.1 f); och (C) r\u00e4ttsliga skyldigheter (t.ex. bokf\u00f6ring) \u2013 r\u00e4ttslig f\u00f6rpliktelse (artikel 6.1 c).<\/p><p class=\"p3\">Ber\u00e4ttigat intresse (kort avv\u00e4gning): vi begr\u00e4nsar loggning\/\u00f6vervakning till det n\u00f6dv\u00e4ndiga f\u00f6r s\u00e4ker drift; vi anv\u00e4nder ingen analytics eller annonseringssp\u00e5rning; och vi till\u00e4mpar \u00e5tkomstkontroller och begr\u00e4nsad lagring.<\/p><p class=\"p1\"><b>5. Platsdata<\/b><\/p><p class=\"p3\">Platsdata behandlas endast n\u00e4r du aktivt utl\u00f6ser ett larm. Vi utf\u00f6r ingen kontinuerlig eller bakgrundsbaserad plats\u00f6vervakning. Platsen delas med dina valda kontakter och kan sparas i larmlogg under en begr\u00e4nsad tid.<\/p><p class=\"p1\"><b>6. Lagring<\/b><\/p><p class=\"p2\">Lagringstider (om inte lag kr\u00e4ver l\u00e4ngre): kontodata under aktivt konto + upp till 24 m\u00e5nader efter senaste aktivitet; larmlogg (inkl. plats) upp till 6 m\u00e5nader; s\u00e4kerhetsloggar upp till 12 m\u00e5nader; supportkommunikation upp till 36 m\u00e5nader; bokf\u00f6rings-\/abonnemangsunderlag vanligtvis 5 \u00e5r.<\/p><p class=\"p3\">Efter lagringstiden raderas uppgifterna eller anonymiseras irreversibelt, om inte fortsatt lagring kr\u00e4vs enligt lag eller f\u00f6r r\u00e4ttsliga anspr\u00e5k\/f\u00f6rsvar.<\/p><p class=\"p1\"><b>7. Mottagare och personuppgiftsbitr\u00e4den<\/b><\/p><p class=\"p2\">Vi anv\u00e4nder utvalda leverant\u00f6rer (bitr\u00e4den) enligt artikel 28 GDPR, inklusive hosting\/infrastruktur p\u00e5 Google Cloud i EU-regioner (t.ex. Irland\/Finland). Apple och Google kan vara sj\u00e4lvst\u00e4ndigt personuppgiftsansvariga f\u00f6r delar av autentisering och betalningar.<\/p><p class=\"p3\">Vi s\u00e4ljer inte personuppgifter och anv\u00e4nder inte analytics eller annonseringssp\u00e5rning.<\/p><p class=\"p1\"><b>8. Internationella \u00f6verf\u00f6ringar<\/b><\/p><p class=\"p3\">Vi hostar data inom EU\/EES. Om personuppgifter \u00f6verf\u00f6rs utanf\u00f6r EU\/EES eller UK anv\u00e4nder vi l\u00e4mpliga skydds\u00e5tg\u00e4rder s\u00e5som SCC och, n\u00e4r relevant, UK-till\u00e4gg. Vi bed\u00f6mer \u00f6verf\u00f6ringsrisker d\u00e4r det kr\u00e4vs (Schrems II).<\/p><p class=\"p1\"><b>9. Barn<\/b><\/p><p class=\"p3\">Appen \u00e4r avsedd endast f\u00f6r vuxna (18+). Vi samlar inte medvetet in personuppgifter om barn. Om vi uppt\u00e4cker att barns data har samlats in raderar vi den utan on\u00f6digt dr\u00f6jsm\u00e5l.<\/p><p class=\"p1\"><b>10. Dina r\u00e4ttigheter<\/b><\/p><p class=\"p2\">Du har r\u00e4tt till: tillg\u00e5ng, r\u00e4ttelse, radering, begr\u00e4nsning, inv\u00e4ndning (s\u00e4rskilt n\u00e4r vi st\u00f6djer oss p\u00e5 ber\u00e4ttigat intresse) och dataportabilitet (n\u00e4r till\u00e4mpligt). Kontakta: gdpr@tryghedsappen.dk.<\/p><p class=\"p3\">Viss information \u00e4r n\u00f6dv\u00e4ndig f\u00f6r att skapa och anv\u00e4nda kontot och f\u00f6r att larmtj\u00e4nsten ska fungera.<\/p><p class=\"p1\"><b>11. S\u00e4kerhet<\/b><\/p><p class=\"p3\">Vi anv\u00e4nder l\u00e4mpliga tekniska och organisatoriska \u00e5tg\u00e4rder, bl.a.: kryptering under \u00f6verf\u00f6ring (TLS), \u00e5tkomstkontroller (minsta privilegier) och loggning, \u00f6vervakning och incidenthantering, regelbundna s\u00e4kerhetsuppdateringar samt sekretess- och \u00e5tkomsthantering.<\/p><p class=\"p1\"><b>12. Klagom\u00e5l<\/b><\/p><p class=\"p3\">Du kan l\u00e4mna in klagom\u00e5l till beh\u00f6rig tillsynsmyndighet, s\u00e4rskilt i landet d\u00e4r du bor, arbetar eller d\u00e4r den p\u00e5st\u00e5dda \u00f6vertr\u00e4delsen skedde.<\/p><p class=\"p1\"><b>13. Spr\u00e5ktolkning<\/b><\/p><p class=\"p2\">Om denna policy finns i flera spr\u00e5kversioner \u00e4r avsikten att varje version f\u00f6rmedlar samma information. Vid eventuell avvikelse g\u00e4ller den version som b\u00e4st \u00e5terspeglar inneb\u00f6rd och syfte i den styrande versionen f\u00f6r din jurisdiktion.<\/p>\t\t\t\t\t\t\t\t<\/div>\n\t\t\t\t<\/div>\n\t\t\t\t<\/div>\n\t\t\t\t\t<\/div>\n\t\t\t\t<\/div>\n\t\t\t\t<\/div>\n\t\t","protected":false},"excerpt":{"rendered":"<p>Integritetspolicy Integritetspolicy \u2013 Tryghedsappen (\u00e4ven marknadsf\u00f6rd som FeelingSafe) Effective date: 2026-03-04 Personuppgiftsansvarig Tryghedsappen ApSSuomivej 41927 K\u00f8benhavn FDenmark CVR: 45 73 31 22 Email: gdpr@tryghedsappen.dk 1. Personuppgiftsansvarig Tryghedsappen ApS \u00e4r personuppgiftsansvarig f\u00f6r behandlingen av personuppgifter via mobilappen Tryghedsappen (\u00e4ven marknadsf\u00f6rd som FeelingSafe) och tillh\u00f6rande supporttj\u00e4nster. 2. Omfattning Denna policy g\u00e4ller Tryghedsappen, relaterade s\u00e4kerhets- och larmtj\u00e4nster samt [&hellip;]<\/p>\n","protected":false},"author":1,"featured_media":0,"parent":0,"menu_order":0,"comment_status":"closed","ping_status":"open","template":"","meta":{"footnotes":""},"class_list":["post-2752","page","type-page","status-publish","hentry"],"_links":{"self":[{"href":"https:\/\/tryghedsappen.dk\/sv\/wp-json\/wp\/v2\/pages\/2752","targetHints":{"allow":["GET"]}}],"collection":[{"href":"https:\/\/tryghedsappen.dk\/sv\/wp-json\/wp\/v2\/pages"}],"about":[{"href":"https:\/\/tryghedsappen.dk\/sv\/wp-json\/wp\/v2\/types\/page"}],"author":[{"embeddable":true,"href":"https:\/\/tryghedsappen.dk\/sv\/wp-json\/wp\/v2\/users\/1"}],"replies":[{"embeddable":true,"href":"https:\/\/tryghedsappen.dk\/sv\/wp-json\/wp\/v2\/comments?post=2752"}],"version-history":[{"count":4,"href":"https:\/\/tryghedsappen.dk\/sv\/wp-json\/wp\/v2\/pages\/2752\/revisions"}],"predecessor-version":[{"id":2806,"href":"https:\/\/tryghedsappen.dk\/sv\/wp-json\/wp\/v2\/pages\/2752\/revisions\/2806"}],"wp:attachment":[{"href":"https:\/\/tryghedsappen.dk\/sv\/wp-json\/wp\/v2\/media?parent=2752"}],"curies":[{"name":"wp","href":"https:\/\/api.w.org\/{rel}","templated":true}]}}