{"id":2768,"date":"2026-01-21T06:54:07","date_gmt":"2026-01-21T05:54:07","guid":{"rendered":"https:\/\/tryghedsappen.dk\/skilmalar-og-skilyrdi\/"},"modified":"2026-03-18T08:53:40","modified_gmt":"2026-03-18T07:53:40","slug":"skilmalar-og-skilyrdi","status":"publish","type":"page","link":"https:\/\/tryghedsappen.dk\/is\/skilmalar-og-skilyrdi\/","title":{"rendered":"Skilm\u00e1lar og skilyr\u00f0i"},"content":{"rendered":"\t\t<div data-elementor-type=\"wp-page\" data-elementor-id=\"2768\" class=\"elementor elementor-2768 elementor-1306\" data-elementor-post-type=\"page\">\n\t\t\t\t<div class=\"elementor-element elementor-element-06273bd e-flex e-con-boxed e-con e-parent\" data-id=\"06273bd\" data-element_type=\"container\" data-e-type=\"container\" data-settings=\"{&quot;background_background&quot;:&quot;classic&quot;}\">\n\t\t\t\t\t<div class=\"e-con-inner\">\n\t\t\t\t<div class=\"elementor-element elementor-element-9ab8fb6 elementor-widget elementor-widget-heading\" data-id=\"9ab8fb6\" data-element_type=\"widget\" data-e-type=\"widget\" data-widget_type=\"heading.default\">\n\t\t\t\t\t<h2 class=\"elementor-heading-title elementor-size-default\">Skilm\u00e1lar og skilyr\u00f0i<\/h2>\t\t\t\t<\/div>\n\t\t\t\t<div class=\"elementor-element elementor-element-0451665 elementor-widget elementor-widget-heading\" data-id=\"0451665\" data-element_type=\"widget\" data-e-type=\"widget\" data-widget_type=\"heading.default\">\n\t\t\t\t\t<h2 class=\"elementor-heading-title elementor-size-default\">for bruk av Tryghedsappen (FeelingSafe) <\/h2>\t\t\t\t<\/div>\n\t\t\t\t\t<\/div>\n\t\t\t\t<\/div>\n\t\t<div class=\"elementor-element elementor-element-03a4ad9 e-flex e-con-boxed e-con e-parent\" data-id=\"03a4ad9\" data-element_type=\"container\" data-e-type=\"container\" data-settings=\"{&quot;background_background&quot;:&quot;classic&quot;}\">\n\t\t\t\t\t<div class=\"e-con-inner\">\n\t\t<div class=\"elementor-element elementor-element-17375a4 e-con-full e-flex e-con e-child\" data-id=\"17375a4\" data-element_type=\"container\" data-e-type=\"container\">\n\t\t<div class=\"elementor-element elementor-element-ba862ec e-con-full e-flex e-con e-child\" data-id=\"ba862ec\" data-element_type=\"container\" data-e-type=\"container\" data-settings=\"{&quot;background_background&quot;:&quot;classic&quot;}\">\n\t\t\t\t<div class=\"elementor-element elementor-element-77fcfb4 elementor-widget elementor-widget-text-editor\" data-id=\"77fcfb4\" data-element_type=\"widget\" data-e-type=\"widget\" data-widget_type=\"text-editor.default\">\n\t\t\t\t\t\t\t\t\t<p class=\"p1\"><b>1. \u00dej\u00f3nustuveitandi<\/b><\/p><p class=\"p2\">FeelingSafe appi\u00f0 er veitt af:<br \/><br \/>Tryghedsappen ApS<br \/>CVR: 45 73 31 22<br \/>Suomisvej 4<br \/>1927 Frederiksberg C<br \/>Danm\u00f6rk<br \/><br \/>\u00dej\u00f3nusta og almenn samskipti:<br \/>vilkaar@tryghedsappen.dk<br \/><br \/>\u00deessir skilm\u00e1lar og skilyr\u00f0i gilda um notkun Tryghedsappen fars\u00edmaforritsins,<br \/>tengdrar \u00fej\u00f3nustu og vefs\u00ed\u00f0unnar:<br \/>www.tryghedsappen.dk<\/p><p class=\"p1\"><b>2. L\u00fdsing \u00e1 \u00fej\u00f3nustunni<\/b><\/p><p class=\"p2\">Tryghedsappen er fars\u00edmaforrit sem gerir notendum kleift a\u00f0 \u00f3ska flj\u00f3tt eftir a\u00f0sto\u00f0 fr\u00e1 pers\u00f3nulegu tengslaneti.<br \/><br \/>Forriti\u00f0 inniheldur vi\u00f0v\u00f6runarhnapp sem notandi getur virkja\u00f0 \u00ed a\u00f0st\u00e6\u00f0um \u00fear sem hann \u00fearf \u00e1 br\u00fdnni a\u00f0sto\u00f0 a\u00f0 halda.<br \/>\u00deegar vi\u00f0v\u00f6runin er virkju\u00f0 sendir forriti\u00f0 tilkynningu til skr\u00e1\u00f0ra tengili\u00f0a notandans.<br \/><br \/>Vi\u00f0v\u00f6runartilkynning getur innihaldi\u00f0:<br \/>\u2022 nafn notandans<br \/>\u2022 t\u00edma vi\u00f0v\u00f6runar<br \/>\u2022 landfr\u00e6\u00f0ilega sta\u00f0setningu notandans<br \/>\u2022 a\u00f0rar uppl\u00fdsingar tengdar vi\u00f0v\u00f6runaratbur\u00f0inum<br \/><br \/>Tengili\u00f0ir \u00ed neti eru einstaklingar valdir af notandanum, svo sem fj\u00f6lskyldume\u00f0limir,<br \/>vinir, n\u00e1grannar e\u00f0a a\u00f0rir traustir a\u00f0ilar.<\/p><p class=\"p1\"><b>3. E\u00f0li og takmarkanir \u00fej\u00f3nustunnar<\/b><\/p><p class=\"p2\">Tryghedsappen er stafr\u00e6nt samskiptat\u00e6ki sem er hanna\u00f0 til a\u00f0 au\u00f0velda samskipti milli notanda og valins pers\u00f3nulegs nets hans.<br \/><br \/>\u00dej\u00f3nustan er ekki:<br \/>\u2022 opinber ney\u00f0ar\u00fej\u00f3nusta<br \/>\u2022 bj\u00f6rgunar\u00fej\u00f3nusta<br \/>\u2022 l\u00e6knis\u00fej\u00f3nusta<br \/>\u2022 heilbrig\u00f0islausn<br \/><br \/>Forriti\u00f0 kemur ekki \u00ed sta\u00f0 opinberra ney\u00f0ar\u00fej\u00f3nusta eins og:<br \/>\u2022 landsn\u00famera ney\u00f0ara\u00f0sto\u00f0ar (t.d. 112)<br \/>\u2022 sj\u00fakraflutninga<br \/>\u2022 l\u00f6greglu<br \/>\u2022 sl\u00f6kkvili\u00f0s<br \/><br \/>\u00cd l\u00edfsh\u00e6ttulegum e\u00f0a l\u00e6knisfr\u00e6\u00f0ilegum ney\u00f0artilvikum ver\u00f0a notendur alltaf a\u00f0 hafa strax samband vi\u00f0 vi\u00f0eigandi opinbera ney\u00f0ar\u00fej\u00f3nustu.<\/p><p class=\"p1\"><b>4. Fyrirvari var\u00f0andi ney\u00f0ar\u00fej\u00f3nustu<\/b><\/p><p class=\"p2\">\u00dej\u00f3nustan er veitt til a\u00f0 au\u00f0velda samskipti milli einkaa\u00f0ila og m\u00e1 ekki teljast ney\u00f0arvi\u00f0brag\u00f0skerfi.<br \/><br \/>Virkjun vi\u00f0v\u00f6runar \u00ed gegnum forriti\u00f0 tilkynnir ekki sj\u00e1lfkrafa opinberum ney\u00f0aryfirv\u00f6ldum.<\/p><p class=\"p1\"><b>5. \u00c1byrg\u00f0 notanda<\/b><\/p><p class=\"p2\">Notandinn ber \u00e1byrg\u00f0 \u00e1 r\u00e9ttri uppsetningu og notkun forritsins.<br \/><br \/>\u00deetta felur me\u00f0al annars \u00ed s\u00e9r:<br \/>\u2022 a\u00f0 skr\u00e1 vi\u00f0eigandi tengili\u00f0i \u00ed neti\u00f0<br \/>\u2022 a\u00f0 tryggja a\u00f0 \u00feeir hafi sam\u00feykkt a\u00f0 taka vi\u00f0 vi\u00f0v\u00f6runum<br \/>\u2022 a\u00f0 tryggja a\u00f0 fars\u00edmat\u00e6ki\u00f0 s\u00e9 n\u00e6gilega hla\u00f0i\u00f0<br \/>\u2022 a\u00f0 vi\u00f0halda virkri internet- e\u00f0a fars\u00edmanetstengingu<br \/>\u2022 a\u00f0 virkja sta\u00f0setningar\u00fej\u00f3nustu \u00feegar \u00f3ska\u00f0 er eftir sta\u00f0setningardeilingu<\/p><p class=\"p1\"><b>6. Tengili\u00f0ir \u00ed neti<\/b><\/p><p class=\"p2\">Tengili\u00f0ir nets eru valdir og stj\u00f3rna\u00f0 eing\u00f6ngu af notandanum.<br \/><br \/>\u00deeir eru einkaa\u00f0ilar og ekki faglegir ney\u00f0arvi\u00f0brag\u00f0sa\u00f0ilar.<br \/><br \/>\u00dej\u00f3nustuveitandinn hefur enga stj\u00f3rn \u00e1 \u00fev\u00ed hvort tengili\u00f0ir breg\u00f0ast vi\u00f0 vi\u00f0v\u00f6runum og ber ekki \u00e1byrg\u00f0 \u00e1 skorti \u00e1 vi\u00f0br\u00f6g\u00f0um.<\/p><p class=\"p1\"><b>7. T\u00e6knilegar h\u00e1\u00f0ir<\/b><\/p><p class=\"p2\">Virkni forritsins er h\u00e1\u00f0 t\u00e6knikerfum sem eru utan stj\u00f3rnunar \u00fej\u00f3nustuveitandans.<br \/><br \/>\u00deetta felur me\u00f0al annars \u00ed s\u00e9r:<br \/>\u2022 v\u00e9lb\u00fana\u00f0 fars\u00edma notandans<br \/>\u2022 st\u00fdrikerfi t\u00e6kisins<br \/>\u2022 Apple iOS og Google Android kerfi<br \/>\u2022 fars\u00edmanet og internet<br \/>\u2022 \u00fej\u00f3nustu \u00feri\u00f0ju a\u00f0ila eins og tilkynningakerfi<br \/><br \/>Bilun e\u00f0a truflanir \u00ed \u00feessum kerfum geta haft \u00e1hrif \u00e1 virkni forritsins.<\/p><p class=\"p1\"><b>8. Fyrirvari vegna \u00fej\u00f3nustu \u00feri\u00f0ja a\u00f0ila<\/b><\/p><p class=\"p2\">Forriti\u00f0 getur reitt sig \u00e1 e\u00f0a sam\u00fe\u00e6tt \u00fej\u00f3nustu og vettvanga \u00feri\u00f0ja a\u00f0ila,<br \/>\u00fear \u00e1 me\u00f0al Apple App Store, Google Play, tilkynningakerfi og netsamskipti.<br \/><br \/>\u00dej\u00f3nustuveitandinn ber ekki \u00e1byrg\u00f0 \u00e1 truflunum, bilunum, stefnubreytingum<br \/>e\u00f0a t\u00e6knilegum takm\u00f6rkunum sem stafa af sl\u00edkum \u00fej\u00f3nustum.<\/p><p class=\"p1\"><b>9. Heimil notkun<\/b><\/p><p class=\"p2\">Notendur sam\u00feykkja a\u00f0 nota forriti\u00f0 eing\u00f6ngu \u00ed l\u00f6gm\u00e6tum tilgangi.<br \/><br \/>Notendur mega ekki misnota \u00fej\u00f3nustuna, \u00fear \u00e1 me\u00f0al en ekki takmarka\u00f0 vi\u00f0:<br \/>\u2022 a\u00f0 senda viljandi falskar vi\u00f0varanir<br \/>\u2022 a\u00f0 \u00e1reita e\u00f0a villa um fyrir tengili\u00f0um<br \/>\u2022 a\u00f0 nota forriti\u00f0 til \u00f3l\u00f6glegra athafna<br \/>\u2022 a\u00f0 reyna a\u00f0 trufla rekstur e\u00f0a \u00f6ryggi \u00fej\u00f3nustunnar<\/p><p class=\"p1\"><b>10. Hugverkar\u00e9ttindi<\/b><\/p><p class=\"p2\">\u00d6ll hugverkar\u00e9ttindi \u00ed forritinu, \u00fear \u00e1 me\u00f0al hugb\u00fana\u00f0ur, h\u00f6nnun,<br \/>v\u00f6rumerki og efni, tilheyra Tryghedsappen ApS e\u00f0a leyfish\u00f6fum \u00feess.<br \/><br \/>Notendum er veitt takm\u00f6rku\u00f0, \u00f3einkar\u00e9tt og \u00f3framseljanleg heimild til<br \/>a\u00f0 nota forriti\u00f0 til pers\u00f3nulegra nota \u00ed samr\u00e6mi vi\u00f0 \u00feessa skilm\u00e1la.<\/p><p class=\"p1\"><b>11. Takm\u00f6rkun \u00e1byrg\u00f0ar<\/b><\/p><p class=\"p2\">A\u00f0 \u00fev\u00ed marki sem l\u00f6g leyfa ber \u00fej\u00f3nustuveitandinn ekki \u00e1byrg\u00f0 \u00e1:<br \/>\u2022 beinu e\u00f0a \u00f3beinu tj\u00f3ni<br \/>\u2022 afleiddum ska\u00f0a<br \/>\u2022 l\u00edkamstj\u00f3ni<br \/>\u2022 fj\u00e1rhagslegu tj\u00f3ni<br \/><br \/>sem stafar af notkun e\u00f0a vanh\u00e6fni til a\u00f0 nota forriti\u00f0.<br \/><br \/>\u00deetta \u00e1 me\u00f0al annars vi\u00f0 um:<br \/>\u2022 t\u00e6knivillur<br \/>\u2022 hugb\u00fana\u00f0arvillur<br \/>\u2022 netbilun<br \/>\u2022 t\u00e6mt rafhl\u00f6\u00f0u<br \/>\u2022 bilun \u00fej\u00f3nustu \u00feri\u00f0ja a\u00f0ila<br \/>\u2022 skort \u00e1 vi\u00f0br\u00f6g\u00f0um fr\u00e1 tengili\u00f0um nets.<\/p><p class=\"p1\"><b>12. Samr\u00e6mi vi\u00f0 vettvang<\/b><\/p><p class=\"p2\">Forriti\u00f0 er hanna\u00f0 til a\u00f0 uppfylla kr\u00f6fur vi\u00f0komandi vettvanga,<br \/>\u00fear \u00e1 me\u00f0al:<br \/>\u2022 Apple App Store Review Guidelines<br \/>\u2022 Google Play Developer Policies<br \/><br \/>Notendur ver\u00f0a a\u00f0 nota forriti\u00f0 \u00ed samr\u00e6mi vi\u00f0 skilm\u00e1la og reglur \u00feessara vettvanga.<\/p><p class=\"p1\"><b>13. Samr\u00e6mi vi\u00f0 EU Digital Services Act<\/b><\/p><p class=\"p2\">\u00dej\u00f3nustuveitandinn leitast vi\u00f0 a\u00f0 fylgja vi\u00f0eigandi \u00e1kv\u00e6\u00f0um<br \/>EU Digital Services Act (DSA).<br \/><br \/>Misnotkun \u00fej\u00f3nustunnar e\u00f0a \u00f3l\u00f6gleg starfsemi m\u00e1 tilkynna<br \/>\u00fej\u00f3nustuveitandanum me\u00f0 \u00feeim samskiptauppl\u00fdsingum sem gefnar eru upp \u00ed \u00feessu skjali.<\/p><p class=\"p1\"><b>14. Aldursskilyr\u00f0i<\/b><\/p><p class=\"p2\">L\u00e1gmarksaldur til a\u00f0 nota \u00fej\u00f3nustuna er 13 \u00e1r.<br \/><br \/>\u00deegar \u00fej\u00f3nustan er notu\u00f0 af \u00f6ldru\u00f0um e\u00f0a vi\u00f0kv\u00e6mum einstaklingum er m\u00e6lt me\u00f0 a\u00f0<br \/>forriti\u00f0 s\u00e9 stillt me\u00f0 a\u00f0sto\u00f0 fj\u00f6lskyldu e\u00f0a um\u00f6nnunara\u00f0ila.<\/p><p class=\"p1\"><b>15. Pers\u00f3nuvernd<\/b><\/p><p class=\"p2\">Me\u00f0fer\u00f0 pers\u00f3nuuppl\u00fdsinga er l\u00fdst \u00ed s\u00e9rst\u00f6ku skjali:<br \/>Pers\u00f3nuverndarstefna FeelingSafe appsins.<\/p><p class=\"p1\"><b>16. Lok \u00fej\u00f3nustu<\/b><\/p><p class=\"p2\">\u00dej\u00f3nustuveitandinn \u00e1skilur s\u00e9r r\u00e9tt til a\u00f0 st\u00f6\u00f0va e\u00f0a lj\u00faka a\u00f0gangi a\u00f0 \u00fej\u00f3nustunni<br \/>\u00feegar \u00feess er \u00fe\u00f6rf, \u00fear \u00e1 me\u00f0al vegna misnotkunar, brota \u00e1 \u00feessum skilm\u00e1lum<br \/>e\u00f0a t\u00e6knilegra og rekstrarlegra krafna.<br \/><br \/>Notendur geta h\u00e6tt notkun \u00fej\u00f3nustunnar hven\u00e6r sem er me\u00f0 \u00fev\u00ed a\u00f0 fjarl\u00e6gja<br \/>forriti\u00f0 \u00far t\u00e6ki s\u00ednu.<\/p><p class=\"p1\"><b>17. Breytingar \u00e1 skilm\u00e1lum<\/b><\/p><p class=\"p2\">\u00dej\u00f3nustuveitandinn getur uppf\u00e6rt e\u00f0a breytt \u00feessum skilm\u00e1lum af og til.<br \/><br \/>N\u00fdjasta \u00fatg\u00e1fan ver\u00f0ur alltaf a\u00f0gengileg \u00ed:<br \/>\u2022 fars\u00edmaforritinu<br \/>\u2022 vefs\u00ed\u00f0unni www.feelingsafe.uk<\/p><p class=\"p1\"><b>18. Tengili\u00f0ur fyrir lagalegar tilkynningar<\/b><\/p><p class=\"p2\">Lagalegar tilkynningar, samr\u00e6misbei\u00f0nir e\u00f0a fyrirspurnir<br \/>fr\u00e1 eftirlitsa\u00f0ilum m\u00e1 senda til:<br \/><br \/>terms@feelingsafe.uk<\/p><p class=\"p1\"><b>19. L\u00f6g og l\u00f6gsaga<\/b><\/p><p class=\"p2\">\u00deessir skilm\u00e1lar l\u00fata d\u00f6nskum l\u00f6gum, me\u00f0 fyrirvara um<br \/>\u00f3fr\u00e1v\u00edkjanlegar neytendaverndarreglur sem gilda \u00ed:<br \/><br \/>\u2022 Evr\u00f3pusambandinu<br \/>\u2022 Bretlandi<\/p><p class=\"p1\"><b>20. Neytendar\u00e9ttur samkv\u00e6mt EES\/EU<\/b><\/p><p class=\"p2\">Ef \u00fej\u00f3nustan er veitt neytendum innan Evr\u00f3pska efnahagssv\u00e6\u00f0isins gilda<br \/>\u00f3fr\u00e1v\u00edkjanlegar reglur um neytendavernd samkv\u00e6mt EES\u2011 og landsl\u00f6gum.<br \/><br \/>\u00deetta felur me\u00f0al annars \u00ed s\u00e9r:<br \/>\u2022 r\u00e9ttindi var\u00f0andi stafr\u00e6na \u00fej\u00f3nustu<br \/>\u2022 uppl\u00fdsingaskyldu \u00e1\u00f0ur en samningur er ger\u00f0ur<br \/>\u2022 \u00farb\u00e6tur ef stafr\u00e6nt efni er galla\u00f0<br \/>\u2022 vi\u00f0eigandi lagaleg \u00farr\u00e6\u00f0i samkv\u00e6mt gildandi l\u00f6gum<\/p>\t\t\t\t\t\t\t\t<\/div>\n\t\t\t\t<\/div>\n\t\t\t\t<\/div>\n\t\t\t\t\t<\/div>\n\t\t\t\t<\/div>\n\t\t\t\t<\/div>\n\t\t","protected":false},"excerpt":{"rendered":"<p>Skilm\u00e1lar og skilyr\u00f0i for bruk av Tryghedsappen (FeelingSafe) 1. \u00dej\u00f3nustuveitandi FeelingSafe appi\u00f0 er veitt af: Tryghedsappen ApSCVR: 45 73 31 22Suomisvej 41927 Frederiksberg CDanm\u00f6rk \u00dej\u00f3nusta og almenn samskipti:vilkaar@tryghedsappen.dk \u00deessir skilm\u00e1lar og skilyr\u00f0i gilda um notkun Tryghedsappen fars\u00edmaforritsins,tengdrar \u00fej\u00f3nustu og vefs\u00ed\u00f0unnar:www.tryghedsappen.dk 2. L\u00fdsing \u00e1 \u00fej\u00f3nustunni Tryghedsappen er fars\u00edmaforrit sem gerir notendum kleift a\u00f0 \u00f3ska flj\u00f3tt eftir [&hellip;]<\/p>\n","protected":false},"author":1,"featured_media":0,"parent":0,"menu_order":0,"comment_status":"closed","ping_status":"closed","template":"","meta":{"footnotes":""},"class_list":["post-2768","page","type-page","status-publish","hentry"],"_links":{"self":[{"href":"https:\/\/tryghedsappen.dk\/is\/wp-json\/wp\/v2\/pages\/2768","targetHints":{"allow":["GET"]}}],"collection":[{"href":"https:\/\/tryghedsappen.dk\/is\/wp-json\/wp\/v2\/pages"}],"about":[{"href":"https:\/\/tryghedsappen.dk\/is\/wp-json\/wp\/v2\/types\/page"}],"author":[{"embeddable":true,"href":"https:\/\/tryghedsappen.dk\/is\/wp-json\/wp\/v2\/users\/1"}],"replies":[{"embeddable":true,"href":"https:\/\/tryghedsappen.dk\/is\/wp-json\/wp\/v2\/comments?post=2768"}],"version-history":[{"count":4,"href":"https:\/\/tryghedsappen.dk\/is\/wp-json\/wp\/v2\/pages\/2768\/revisions"}],"predecessor-version":[{"id":2831,"href":"https:\/\/tryghedsappen.dk\/is\/wp-json\/wp\/v2\/pages\/2768\/revisions\/2831"}],"wp:attachment":[{"href":"https:\/\/tryghedsappen.dk\/is\/wp-json\/wp\/v2\/media?parent=2768"}],"curies":[{"name":"wp","href":"https:\/\/api.w.org\/{rel}","templated":true}]}}