{"id":2740,"date":"2026-01-21T06:52:26","date_gmt":"2026-01-21T05:52:26","guid":{"rendered":"https:\/\/tryghedsappen.dk\/personuverndarstefna\/"},"modified":"2026-03-18T08:43:48","modified_gmt":"2026-03-18T07:43:48","slug":"personuverndarstefna","status":"publish","type":"page","link":"https:\/\/tryghedsappen.dk\/is\/personuverndarstefna\/","title":{"rendered":"Pers\u00f3nuverndarstefna"},"content":{"rendered":"\t\t<div data-elementor-type=\"wp-page\" data-elementor-id=\"2740\" class=\"elementor elementor-2740 elementor-1305\" data-elementor-post-type=\"page\">\n\t\t\t\t<div class=\"elementor-element elementor-element-06273bd e-flex e-con-boxed e-con e-parent\" data-id=\"06273bd\" data-element_type=\"container\" data-e-type=\"container\" data-settings=\"{&quot;background_background&quot;:&quot;classic&quot;}\">\n\t\t\t\t\t<div class=\"e-con-inner\">\n\t\t\t\t<div class=\"elementor-element elementor-element-9ab8fb6 elementor-widget elementor-widget-heading\" data-id=\"9ab8fb6\" data-element_type=\"widget\" data-e-type=\"widget\" data-widget_type=\"heading.default\">\n\t\t\t\t\t<h2 class=\"elementor-heading-title elementor-size-default\">Pers\u00f3nuverndarstefna<\/h2>\t\t\t\t<\/div>\n\t\t\t\t\t<\/div>\n\t\t\t\t<\/div>\n\t\t<div class=\"elementor-element elementor-element-03a4ad9 e-flex e-con-boxed e-con e-parent\" data-id=\"03a4ad9\" data-element_type=\"container\" data-e-type=\"container\" data-settings=\"{&quot;background_background&quot;:&quot;classic&quot;}\">\n\t\t\t\t\t<div class=\"e-con-inner\">\n\t\t<div class=\"elementor-element elementor-element-17375a4 e-con-full e-flex e-con e-child\" data-id=\"17375a4\" data-element_type=\"container\" data-e-type=\"container\">\n\t\t<div class=\"elementor-element elementor-element-ba862ec e-con-full e-flex e-con e-child\" data-id=\"ba862ec\" data-element_type=\"container\" data-e-type=\"container\" data-settings=\"{&quot;background_background&quot;:&quot;classic&quot;}\">\n\t\t\t\t<div class=\"elementor-element elementor-element-17f2174 elementor-widget elementor-widget-heading\" data-id=\"17f2174\" data-element_type=\"widget\" data-e-type=\"widget\" data-widget_type=\"heading.default\">\n\t\t\t\t\t<h2 class=\"elementor-heading-title elementor-size-default\">Pers\u00f3nuverndarstefna \u2013 Tryghedsappen (einnig marka\u00f0ssett sem FeelingSafe)<\/h2>\t\t\t\t<\/div>\n\t\t\t\t<div class=\"elementor-element elementor-element-bf78fa5 elementor-widget elementor-widget-text-editor\" data-id=\"bf78fa5\" data-element_type=\"widget\" data-e-type=\"widget\" data-widget_type=\"text-editor.default\">\n\t\t\t\t\t\t\t\t\t<p class=\"p1\">Effective date: 2026-03-04<\/p><p class=\"p1\"><b>\u00c1byrg\u00f0ara\u00f0ili vinnslu<\/b><\/p><p class=\"p2\">Tryghedsappen ApS<br \/>Suomivej 4<br \/>1927 K\u00f8benhavn F<br \/>Denmark<\/p><p class=\"p2\">CVR: 45 73 31 22<\/p><p class=\"p3\">Email: gdpr@tryghedsappen.dk<\/p><p class=\"p1\"><b>1. \u00c1byrg\u00f0ara\u00f0ili vinnslu<\/b><\/p><p class=\"p3\">Tryghedsappen ApS er \u00e1byrg\u00f0ara\u00f0ili vinnslu pers\u00f3nuuppl\u00fdsinga sem unnar eru \u00ed gegnum fars\u00edmaforriti\u00f0 Tryghedsappen (einnig marka\u00f0ssett sem FeelingSafe) og tengda stu\u00f0nings\u00fej\u00f3nustu.<\/p><p class=\"p1\"><b>2. Gildissvi\u00f0<\/b><\/p><p class=\"p3\">Stefnan gildir um Tryghedsappen, tengda \u00f6ryggis- og vi\u00f0v\u00f6runar\u00fej\u00f3nustu og samskipti vi\u00f0 \u00fej\u00f3nustuver. \u00c1skriftir og grei\u00f0slur eru afgreiddar \u00ed gegnum Apple App Store og Google Play samkv\u00e6mt \u00feeirra reglum og skilm\u00e1lum.<\/p><p class=\"p1\"><b>3. Flokkar pers\u00f3nuuppl\u00fdsinga<\/b><\/p><p class=\"p2\">Vi\u00f0 vinnum a\u00f0eins \u00fe\u00e6r pers\u00f3nuuppl\u00fdsingar sem nau\u00f0synlegar eru fyrir \u00fej\u00f3nustuna, t.d.: reikningsau\u00f0kenni (Apple\/Google innskr\u00e1ningar-ID), m\u00f6gulegt relay-netfang, ney\u00f0artengili\u00f0i sem \u00fe\u00fa skr\u00e1ir (nafn, s\u00edmi, netfang eftir \u00fe\u00f6rfum), vi\u00f0v\u00f6runaratbur\u00f0i (t\u00edmi, sta\u00f0a, vi\u00f0takendur, afhendingarsta\u00f0festingar \u00fear sem vi\u00f0 \u00e1), sta\u00f0setningarg\u00f6gn a\u00f0eins me\u00f0an vi\u00f0v\u00f6run er virk, t\u00e6kja-\/app-uppl\u00fdsingar (ger\u00f0 t\u00e6kis, \u00fatg\u00e1fa st\u00fdrikerfis, app\u00fatg\u00e1fa), \u00f6ryggis-\/au\u00f0kenningarg\u00f6gn (t\u00e1kn, a\u00f0gangsskr\u00e1r) og samskipti vi\u00f0 \u00fej\u00f3nustuver.<\/p><p class=\"p3\"><i>during an active alarm, device\/app information (device type, OS version, app version), security\/authentication data (tokens, access logs), and customer support communications.<\/i><i><\/i><\/p><p class=\"p1\"><b>4. Tilgangur og lagagrundv\u00f6llur<\/b><\/p><p class=\"p2\">Vi\u00f0 vinnum pers\u00f3nuuppl\u00fdsingar: (A) til a\u00f0 veita \u00fej\u00f3nustu, a\u00f0gangsst\u00fdringu og \u00e1skrift \u2013 samningur (GDPR 6(1)(b)); (B) til \u00f6ryggis, varnar gegn misnotkun\/svikum og rekstrar\u00f6ryggis \u2013 l\u00f6gm\u00e6tir hagsmunir (GDPR 6(1)(f)); og (C) til a\u00f0 uppfylla lagaskyldur (t.d. b\u00f3khald) \u2013 lagaskylda (GDPR 6(1)(c)).<\/p><p class=\"p3\">L\u00f6gm\u00e6tir hagsmunir (stutt mat): vi\u00f0 takm\u00f6rkum skr\u00e1ningu\/v\u00f6ktun vi\u00f0 \u00fea\u00f0 sem nau\u00f0synlegt er, notum ekki analytics e\u00f0a augl\u00fdsingarakningu og beitum a\u00f0gangsst\u00fdringum og takm\u00f6rku\u00f0um var\u00f0veislut\u00edmum.<\/p><p class=\"p1\"><b>5. Sta\u00f0setningarg\u00f6gn<\/b><\/p><p class=\"p3\">Sta\u00f0setningarg\u00f6gn eru a\u00f0eins unnin \u00feegar \u00fe\u00fa virkjar vi\u00f0v\u00f6run. Engin st\u00f6\u00f0ug e\u00f0a bakgrunnssta\u00f0setning er framkv\u00e6md. Sta\u00f0setning er deilt me\u00f0 v\u00f6ldum tengili\u00f0um og getur veri\u00f0 var\u00f0veitt \u00ed vi\u00f0v\u00f6runars\u00f6gu \u00ed takmarka\u00f0an t\u00edma.<\/p><p class=\"p1\"><b>6. Var\u00f0veisla<\/b><\/p><p class=\"p2\">Var\u00f0veislut\u00edmar (nema l\u00f6g krefjist lengri): reikningsg\u00f6gn me\u00f0an reikningur er virkur + allt a\u00f0 24 m\u00e1nu\u00f0ir eftir s\u00ed\u00f0ustu virkni; vi\u00f0v\u00f6runarsaga (m.t.t. sta\u00f0setningar) allt a\u00f0 6 m\u00e1nu\u00f0ir; \u00f6ryggisskr\u00e1r allt a\u00f0 12 m\u00e1nu\u00f0ir; \u00fej\u00f3nustuver allt a\u00f0 36 m\u00e1nu\u00f0ir; b\u00f3khaldsg\u00f6gn venjulega 5 \u00e1r.<\/p><p class=\"p3\">A\u00f0 \u00feeim t\u00edma li\u00f0num eru g\u00f6gn eydd e\u00f0a \u00f3afturkr\u00e6ft ger\u00f0 nafnlaus, nema var\u00f0veisla s\u00e9 nau\u00f0synleg samkv\u00e6mt l\u00f6gum e\u00f0a vegna r\u00e9ttarkrafna\/varnar.<\/p><p class=\"p1\"><b>7. Vi\u00f0takendur og vinnslua\u00f0ilar<\/b><\/p><p class=\"p2\">Vi\u00f0 notum valda \u00fej\u00f3nustua\u00f0ila (vinnslua\u00f0ila) samkv\u00e6mt 28. gr. GDPR, \u00fear \u00e1 me\u00f0al Google Cloud \u00ed EU-sv\u00e6\u00f0um (t.d. \u00cdrlandi\/Finnlandi). Apple og Google geta veri\u00f0 sj\u00e1lfst\u00e6\u00f0ir \u00e1byrg\u00f0ara\u00f0ilar fyrir hluta au\u00f0kenningar og grei\u00f0slna.<\/p><p class=\"p3\">Vi\u00f0 seljum ekki pers\u00f3nuuppl\u00fdsingar og notum ekki analytics e\u00f0a augl\u00fdsingarakningu.<\/p><p class=\"p1\"><b>8. Al\u00fej\u00f3\u00f0legir flutningar<\/b><\/p><p class=\"p3\">G\u00f6gn eru h\u00fdst innan EU\/EES. Ef pers\u00f3nuuppl\u00fdsingar eru fluttar utan EU\/EES e\u00f0a UK notum vi\u00f0 vi\u00f0eigandi verndarr\u00e1\u00f0stafanir, svo sem SCC og, \u00feegar vi\u00f0 \u00e1, UK-vi\u00f0b\u00f3t, og metum flutnings\u00e1h\u00e6ttu \u00feegar \u00feess er krafist (Schrems II).<\/p><p class=\"p1\"><b>9. B\u00f6rn<\/b><\/p><p class=\"p3\">Forriti\u00f0 er a\u00f0eins \u00e6tla\u00f0 fullor\u00f0num (18+). Vi\u00f0 s\u00f6fnum ekki v\u00edsvitandi g\u00f6gnum um b\u00f6rn. Komi \u00ed lj\u00f3s a\u00f0 barnag\u00f6gn hafi safnast, ver\u00f0ur \u00feeim eytt \u00e1n \u00f3\u00fearfa tafa.<\/p><p class=\"p1\"><b>10. R\u00e9ttindi \u00fe\u00edn<\/b><\/p><p class=\"p2\">\u00de\u00fa \u00e1tt r\u00e9tt \u00e1 a\u00f0gangi, lei\u00f0r\u00e9ttingu, ey\u00f0ingu, takm\u00f6rkun, andm\u00e6lum (s\u00e9rstaklega \u00feegar byggt er \u00e1 l\u00f6gm\u00e6tum hagsmunum) og gagnaflutningi (eftir atvikum). Haf\u00f0u samband: gdpr@tryghedsappen.dk.<\/p><p class=\"p3\">Sum g\u00f6gn eru nau\u00f0synleg svo \u00fej\u00f3nustan geti virka\u00f0.<\/p><p class=\"p1\"><b>11. \u00d6ryggi<\/b><\/p><p class=\"p3\">Vi\u00f0 beitum vi\u00f0eigandi t\u00e6knilegum og skipulagslegum \u00f6ryggisr\u00e1\u00f0st\u00f6funum, m.a.: TLS-dulk\u00f3\u00f0un, a\u00f0gangsst\u00fdring (minnstu r\u00e9ttindi) og skr\u00e1ning, v\u00f6ktun og vi\u00f0br\u00f6g\u00f0 vi\u00f0 atvikum, reglulegar \u00f6ryggisuppf\u00e6rslur og a\u00f0gangs- og tr\u00fana\u00f0arskyldur.<\/p><p class=\"p1\"><b>12. Kvartanir<\/b><\/p><p class=\"p3\">\u00de\u00fa getur lagt fram kv\u00f6rtun til vi\u00f0eigandi pers\u00f3nuverndarstofnunar, einkum \u00ed landi b\u00fasetu \u00feinnar, vinnusta\u00f0ar e\u00f0a \u00fear sem meint brot \u00e1tti s\u00e9r sta\u00f0.<\/p><p class=\"p1\"><b>13. T\u00falkun tungum\u00e1la<\/b><\/p><p class=\"p2\">Ef stefnan er \u00ed bo\u00f0i \u00e1 fleiri en einu tungum\u00e1li er markmi\u00f0i\u00f0 a\u00f0 hver \u00fatg\u00e1fa mi\u00f0li sama efni. Komi upp misr\u00e6mi gildir s\u00fa \u00fatg\u00e1fa sem best endurspeglar merkingu og tilgang \u00ed \u00feeirri \u00fatg\u00e1fu sem er r\u00e1\u00f0andi fyrir \u00fe\u00edna l\u00f6gs\u00f6gu.<\/p>\t\t\t\t\t\t\t\t<\/div>\n\t\t\t\t<\/div>\n\t\t\t\t<\/div>\n\t\t\t\t\t<\/div>\n\t\t\t\t<\/div>\n\t\t\t\t<\/div>\n\t\t","protected":false},"excerpt":{"rendered":"<p>Pers\u00f3nuverndarstefna Pers\u00f3nuverndarstefna \u2013 Tryghedsappen (einnig marka\u00f0ssett sem FeelingSafe) Effective date: 2026-03-04 \u00c1byrg\u00f0ara\u00f0ili vinnslu Tryghedsappen ApSSuomivej 41927 K\u00f8benhavn FDenmark CVR: 45 73 31 22 Email: gdpr@tryghedsappen.dk 1. \u00c1byrg\u00f0ara\u00f0ili vinnslu Tryghedsappen ApS er \u00e1byrg\u00f0ara\u00f0ili vinnslu pers\u00f3nuuppl\u00fdsinga sem unnar eru \u00ed gegnum fars\u00edmaforriti\u00f0 Tryghedsappen (einnig marka\u00f0ssett sem FeelingSafe) og tengda stu\u00f0nings\u00fej\u00f3nustu. 2. Gildissvi\u00f0 Stefnan gildir um Tryghedsappen, tengda [&hellip;]<\/p>\n","protected":false},"author":1,"featured_media":0,"parent":0,"menu_order":0,"comment_status":"closed","ping_status":"open","template":"","meta":{"footnotes":""},"class_list":["post-2740","page","type-page","status-publish","hentry"],"_links":{"self":[{"href":"https:\/\/tryghedsappen.dk\/is\/wp-json\/wp\/v2\/pages\/2740","targetHints":{"allow":["GET"]}}],"collection":[{"href":"https:\/\/tryghedsappen.dk\/is\/wp-json\/wp\/v2\/pages"}],"about":[{"href":"https:\/\/tryghedsappen.dk\/is\/wp-json\/wp\/v2\/types\/page"}],"author":[{"embeddable":true,"href":"https:\/\/tryghedsappen.dk\/is\/wp-json\/wp\/v2\/users\/1"}],"replies":[{"embeddable":true,"href":"https:\/\/tryghedsappen.dk\/is\/wp-json\/wp\/v2\/comments?post=2740"}],"version-history":[{"count":4,"href":"https:\/\/tryghedsappen.dk\/is\/wp-json\/wp\/v2\/pages\/2740\/revisions"}],"predecessor-version":[{"id":2797,"href":"https:\/\/tryghedsappen.dk\/is\/wp-json\/wp\/v2\/pages\/2740\/revisions\/2797"}],"wp:attachment":[{"href":"https:\/\/tryghedsappen.dk\/is\/wp-json\/wp\/v2\/media?parent=2740"}],"curies":[{"name":"wp","href":"https:\/\/api.w.org\/{rel}","templated":true}]}}