{"id":2772,"date":"2026-01-21T06:54:07","date_gmt":"2026-01-21T05:54:07","guid":{"rendered":"https:\/\/tryghedsappen.dk\/ehdot\/"},"modified":"2026-03-18T08:51:14","modified_gmt":"2026-03-18T07:51:14","slug":"ehdot","status":"publish","type":"page","link":"https:\/\/tryghedsappen.dk\/fi\/ehdot\/","title":{"rendered":"Ehdot"},"content":{"rendered":"\t\t<div data-elementor-type=\"wp-page\" data-elementor-id=\"2772\" class=\"elementor elementor-2772 elementor-1306\" data-elementor-post-type=\"page\">\n\t\t\t\t<div class=\"elementor-element elementor-element-06273bd e-flex e-con-boxed e-con e-parent\" data-id=\"06273bd\" data-element_type=\"container\" data-e-type=\"container\" data-settings=\"{&quot;background_background&quot;:&quot;classic&quot;}\">\n\t\t\t\t\t<div class=\"e-con-inner\">\n\t\t\t\t<div class=\"elementor-element elementor-element-9ab8fb6 elementor-widget elementor-widget-heading\" data-id=\"9ab8fb6\" data-element_type=\"widget\" data-e-type=\"widget\" data-widget_type=\"heading.default\">\n\t\t\t\t\t<h2 class=\"elementor-heading-title elementor-size-default\">Ehdot<\/h2>\t\t\t\t<\/div>\n\t\t\t\t<div class=\"elementor-element elementor-element-1ca8b26 elementor-widget elementor-widget-heading\" data-id=\"1ca8b26\" data-element_type=\"widget\" data-e-type=\"widget\" data-widget_type=\"heading.default\">\n\t\t\t\t\t<h2 class=\"elementor-heading-title elementor-size-default\">FeelingSafe (Tryghedsappen) -mobiilisovelluksen k\u00e4ytt\u00f6\u00e4 varten<\/h2>\t\t\t\t<\/div>\n\t\t\t\t\t<\/div>\n\t\t\t\t<\/div>\n\t\t<div class=\"elementor-element elementor-element-03a4ad9 e-flex e-con-boxed e-con e-parent\" data-id=\"03a4ad9\" data-element_type=\"container\" data-e-type=\"container\" data-settings=\"{&quot;background_background&quot;:&quot;classic&quot;}\">\n\t\t\t\t\t<div class=\"e-con-inner\">\n\t\t<div class=\"elementor-element elementor-element-17375a4 e-con-full e-flex e-con e-child\" data-id=\"17375a4\" data-element_type=\"container\" data-e-type=\"container\">\n\t\t<div class=\"elementor-element elementor-element-ba862ec e-con-full e-flex e-con e-child\" data-id=\"ba862ec\" data-element_type=\"container\" data-e-type=\"container\" data-settings=\"{&quot;background_background&quot;:&quot;classic&quot;}\">\n\t\t\t\t<div class=\"elementor-element elementor-element-77fcfb4 elementor-widget elementor-widget-text-editor\" data-id=\"77fcfb4\" data-element_type=\"widget\" data-e-type=\"widget\" data-widget_type=\"text-editor.default\">\n\t\t\t\t\t\t\t\t\t<p class=\"p1\"><b>1. Palveluntarjoaja<\/b><\/p><p class=\"p2\">FeelingSafe-sovelluksen tarjoaa:<\/p><p class=\"p2\">Tryghedsappen ApS<br \/>CVR: 45 73 31 22<br \/>Suomisvej 4<br \/>1927 Frederiksberg C<\/p><p class=\"p2\">Tanska<\/p><p class=\"p2\">Tuki ja yleiset yhteydenotot:<\/p><p class=\"p3\"><span class=\"s1\"><a href=\"mailto:terms@feelingsafe.uk\">terms@feelingsafe.uk<\/a><\/span><\/p><p class=\"p2\">N\u00e4m\u00e4 sopimusehdot koskevat Tryghedsappen-mobiilisovelluksen, siihen liittyvien palvelujen ja verkkosivuston k\u00e4ytt\u00f6\u00e4:<\/p><p class=\"p2\">www.feelingsafe.dk<\/p><p class=\"p1\"><b>2. Palvelun kuvaus<\/b><\/p><p class=\"p2\">Tryghedsappen on mobiilisovellus, jonka tarkoituksena on mahdollistaa k\u00e4ytt\u00e4jille nopea avun pyyt\u00e4minen henkil\u00f6kohtaiselta verkostoltaan.<\/p><p class=\"p2\">Sovelluksessa on h\u00e4lytyspainike, jonka k\u00e4ytt\u00e4j\u00e4 voi aktivoida tilanteissa, joissa h\u00e4n tarvitsee kiireellist\u00e4 apua. Kun h\u00e4lytys aktivoidaan, sovellus l\u00e4hett\u00e4\u00e4 ilmoituksen k\u00e4ytt\u00e4j\u00e4n rekister\u00f6idyille verkostoyhteyshenkil\u00f6ille.<\/p><p class=\"p2\">H\u00e4lytysilmoitus voi sis\u00e4lt\u00e4\u00e4:<\/p><ul class=\"ul1\"><li class=\"li2\">k\u00e4ytt\u00e4j\u00e4n nimen<\/li><li class=\"li2\">h\u00e4lytyksen ajankohdan<\/li><li class=\"li2\">k\u00e4ytt\u00e4j\u00e4n maantieteellisen sijainnin<\/li><li class=\"li2\">muita h\u00e4lytystapahtumaan liittyvi\u00e4 tietoja<\/li><\/ul><p class=\"p2\">Verkostoyhteyshenkil\u00f6t ovat k\u00e4ytt\u00e4j\u00e4n valitsemia henkil\u00f6it\u00e4, kuten perheenj\u00e4seni\u00e4, yst\u00e4vi\u00e4, naapureita tai muita luotettuja henkil\u00f6it\u00e4.<\/p><p class=\"p1\"><b>3. Palvelun luonne ja rajoitukset<\/b><\/p><p class=\"p2\">Tryghedsappen on digitaalinen viestint\u00e4v\u00e4line, jonka tarkoituksena on helpottaa yhteydenpitoa k\u00e4ytt\u00e4j\u00e4n ja t\u00e4m\u00e4n valitseman henkil\u00f6kohtaisen verkoston v\u00e4lill\u00e4.<\/p><p class=\"p2\">Palvelu ei ole:<\/p><ul class=\"ul1\"><li class=\"li2\">julkinen h\u00e4t\u00e4palvelu<\/li><li class=\"li2\">pelastuspalvelu<\/li><li class=\"li2\">l\u00e4\u00e4kinn\u00e4llinen palvelu<\/li><li class=\"li2\">terveydenhuollon ratkaisu<\/li><\/ul><p class=\"p2\">Sovellus ei korvaa julkisia h\u00e4t\u00e4palveluja, kuten:<\/p><ul class=\"ul1\"><li class=\"li2\">kansallisia h\u00e4t\u00e4numeroita (esim. 112)<\/li><li class=\"li2\">ambulanssipalveluja<\/li><li class=\"li2\">poliisipalveluja<\/li><li class=\"li2\">palokuntapalveluja<\/li><\/ul><p class=\"p2\">Henke\u00e4 uhkaavissa tai l\u00e4\u00e4ketieteellisiss\u00e4 h\u00e4t\u00e4tilanteissa k\u00e4ytt\u00e4j\u00e4n on aina otettava v\u00e4litt\u00f6m\u00e4sti yhteytt\u00e4 asianmukaisiin julkisiin h\u00e4t\u00e4palveluihin.<\/p><p class=\"p1\"><b>4. H\u00e4t\u00e4palveluja koskeva vastuuvapauslauseke<\/b><\/p><p class=\"p2\">Palvelu on tarkoitettu yksityishenkil\u00f6iden v\u00e4lisen viestinn\u00e4n tukemiseen, eik\u00e4 sit\u00e4 tule pit\u00e4\u00e4 h\u00e4t\u00e4tilanteisiin tarkoitetun vastej\u00e4rjestelm\u00e4n\u00e4.<\/p><p class=\"p2\">Sovelluksen kautta aktivoitu h\u00e4lytys ei ilmoita automaattisesti h\u00e4t\u00e4viranomaisille.<\/p><p class=\"p1\"><b>5. K\u00e4ytt\u00e4j\u00e4n vastuut<\/b><\/p><p class=\"p2\">K\u00e4ytt\u00e4j\u00e4 vastaa sovelluksen asianmukaisesta k\u00e4ytt\u00f6\u00f6notosta ja k\u00e4yt\u00f6st\u00e4.<\/p><p class=\"p2\">T\u00e4h\u00e4n sis\u00e4ltyy muun muassa:<\/p><ul class=\"ul1\"><li class=\"li2\">asianmukaisten verkostoyhteyshenkil\u00f6iden rekister\u00f6iminen<\/li><li class=\"li2\">sen varmistaminen, ett\u00e4 kyseiset yhteyshenkil\u00f6t ovat suostuneet vastaanottamaan h\u00e4lytyksi\u00e4<\/li><li class=\"li2\">sen varmistaminen, ett\u00e4 mobiililaite on riitt\u00e4v\u00e4sti ladattu<\/li><li class=\"li2\">aktiivisen internetyhteyden tai mobiiliverkon yll\u00e4pit\u00e4minen<\/li><li class=\"li2\">sijaintipalvelujen ottaminen k\u00e4ytt\u00f6\u00f6n, jos sijainnin jakaminen on toivottua<\/li><\/ul><p class=\"p1\"><b>6. Verkostoyhteyshenkil\u00f6t<\/b><\/p><p class=\"p2\">Verkostoyhteyshenkil\u00f6t valitsee ja hallinnoi yksinomaan k\u00e4ytt\u00e4j\u00e4.<br \/>Verkostoyhteyshenkil\u00f6t ovat yksityishenkil\u00f6it\u00e4 eiv\u00e4tk\u00e4 ammattimaisia h\u00e4t\u00e4tilannetoimijoita.<\/p><p class=\"p2\">Palveluntarjoaja ei voi vaikuttaa siihen, vastaavatko verkostoyhteyshenkil\u00f6t h\u00e4lytyksiin, eik\u00e4 sit\u00e4 voida pit\u00e4\u00e4 vastuullisena vastaamatta j\u00e4tt\u00e4misest\u00e4.<\/p><p class=\"p1\"><b>7. Teknologiset riippuvuudet<\/b><\/p><p class=\"p2\">Sovelluksen toiminta riippuu teknisist\u00e4 j\u00e4rjestelmist\u00e4, jotka eiv\u00e4t ole palveluntarjoajan hallinnassa.<\/p><p class=\"p2\">T\u00e4h\u00e4n sis\u00e4ltyy muun muassa:<\/p><ul class=\"ul1\"><li class=\"li2\">k\u00e4ytt\u00e4j\u00e4n mobiililaitteen laitteisto<\/li><li class=\"li2\">mobiililaitteen k\u00e4ytt\u00f6j\u00e4rjestelm\u00e4<\/li><li class=\"li2\">Apple iOS- ja Google Android -alustat<\/li><li class=\"li2\">mobiiliverkot ja internet-yhteydet<\/li><li class=\"li2\">kolmansien osapuolten palvelut, kuten push-ilmoitusj\u00e4rjestelm\u00e4t<\/li><\/ul><p class=\"p2\">N\u00e4iden j\u00e4rjestelmien virheet tai keskeytykset voivat vaikuttaa sovelluksen toimintaan.<\/p><p class=\"p1\"><b>8. Kolmansien osapuolten palveluja koskeva vastuuvapauslauseke<\/b><\/p><p class=\"p2\">Sovellus voi tukeutua kolmansien osapuolten alustoihin tai palveluihin tai olla integroituna niihin, mukaan lukien Apple App Store, Google Play, push-ilmoituspalveluntarjoajat ja verkkopalvelut.<\/p><p class=\"p2\">Palveluntarjoaja ei vastaa katkoksista, virheist\u00e4, k\u00e4yt\u00e4nt\u00f6muutoksista tai teknisist\u00e4 rajoituksista, jotka johtuvat t\u00e4llaisista kolmansien osapuolten palveluista.<\/p><p class=\"p1\"><b>9. Hyv\u00e4ksytt\u00e4v\u00e4 k\u00e4ytt\u00f6<\/b><\/p><p class=\"p2\">K\u00e4ytt\u00e4j\u00e4t sitoutuvat k\u00e4ytt\u00e4m\u00e4\u00e4n sovellusta ainoastaan lainmukaisiin tarkoituksiin.<\/p><p class=\"p2\">K\u00e4ytt\u00e4j\u00e4t eiv\u00e4t saa k\u00e4ytt\u00e4\u00e4 palvelua v\u00e4\u00e4rin, mukaan lukien mutta ei rajoittuen seuraavaan:<\/p><ul class=\"ul1\"><li class=\"li2\">v\u00e4\u00e4rien h\u00e4lytysten tahallinen l\u00e4hett\u00e4minen<\/li><li class=\"li2\">verkostoyhteyshenkil\u00f6iden h\u00e4iritseminen tai harhaanjohtaminen<\/li><li class=\"li2\">sovelluksen k\u00e4ytt\u00e4minen lainvastaiseen toimintaan<\/li><li class=\"li2\">yritykset h\u00e4irit\u00e4 palvelun toimintaa tai turvallisuutta<\/li><\/ul><p class=\"p1\"><b>10. Immateriaalioikeudet<\/b><\/p><p class=\"p2\">Kaikki sovellukseen liittyv\u00e4t immateriaalioikeudet, mukaan lukien ohjelmisto, muotoilu, tavaramerkit ja sis\u00e4lt\u00f6, kuuluvat Tryghedsappen ApS:lle tai sen lisenssinantajille.<\/p><p class=\"p2\">K\u00e4ytt\u00e4jille my\u00f6nnet\u00e4\u00e4n rajoitettu, ei-yksinomainen ja siirtokelvoton k\u00e4ytt\u00f6oikeus k\u00e4ytt\u00e4\u00e4 sovellusta henkil\u00f6kohtaiseen k\u00e4ytt\u00f6\u00f6n n\u00e4iden ehtojen mukaisesti.<\/p><p class=\"p1\"><b>11. Vastuunrajoitus<\/b><\/p><p class=\"p2\">Sovellettavan lain sallimassa laajimmassa mahdollisessa m\u00e4\u00e4rin palveluntarjoaja ei vastaa:<\/p><ul class=\"ul1\"><li class=\"li2\">v\u00e4litt\u00f6mist\u00e4 tai v\u00e4lillisist\u00e4 vahingoista<\/li><li class=\"li2\">v\u00e4lillisist\u00e4 menetyksist\u00e4<\/li><li class=\"li2\">henkil\u00f6vahingoista<\/li><li class=\"li2\">taloudellisista menetyksist\u00e4<\/li><\/ul><p class=\"p2\">jotka johtuvat sovelluksen k\u00e4yt\u00f6st\u00e4 tai kyvytt\u00f6myydest\u00e4 k\u00e4ytt\u00e4\u00e4 sovellusta.<\/p><p class=\"p2\">T\u00e4m\u00e4 koskee my\u00f6s tilanteita, joihin liittyy:<\/p><ul class=\"ul1\"><li class=\"li2\">tekniset virheet<\/li><li class=\"li2\">ohjelmistovirheet<\/li><li class=\"li2\">verkkoh\u00e4iri\u00f6t<\/li><li class=\"li2\">akun tyhjeneminen<\/li><li class=\"li2\">kolmansien osapuolten palvelujen h\u00e4iri\u00f6t<\/li><li class=\"li2\">verkostoyhteyshenkil\u00f6iden vastaamatta j\u00e4tt\u00e4minen<\/li><\/ul><p class=\"p1\"><b>12. Alustojen vaatimusten noudattaminen<\/b><\/p><p class=\"p2\">Sovellus on suunniteltu noudattamaan sovellettavia alustavaatimuksia, mukaan lukien:<\/p><ul class=\"ul1\"><li class=\"li2\">Apple App Store Review Guidelines<\/li><li class=\"li2\">Google Play Developer Policies<\/li><\/ul><p class=\"p2\">K\u00e4ytt\u00e4jien on k\u00e4ytett\u00e4v\u00e4 sovellusta n\u00e4iden alustojen ehtojen ja k\u00e4yt\u00e4nt\u00f6jen mukaisesti.<\/p><p class=\"p1\"><b>13. EU:n digipalvelus\u00e4\u00e4d\u00f6ksen noudattaminen<\/b><\/p><p class=\"p2\">Palveluntarjoaja pyrkii noudattamaan EU:n digipalvelus\u00e4\u00e4d\u00f6ksen (DSA) sovellettavia s\u00e4\u00e4nn\u00f6ksi\u00e4.<\/p><p class=\"p2\">Palvelun v\u00e4\u00e4rink\u00e4yt\u00f6st\u00e4 tai laittomasta toiminnasta voidaan ilmoittaa palveluntarjoajalle t\u00e4ss\u00e4 asiakirjassa annettujen yhteystietojen avulla.<\/p><p class=\"p1\"><b>14. Ik\u00e4vaatimukset<\/b><\/p><p class=\"p2\">Palvelun k\u00e4yt\u00f6n alaik\u00e4raja on 13 vuotta.<\/p><p class=\"p2\">Jos palvelua k\u00e4ytt\u00e4v\u00e4t i\u00e4kk\u00e4\u00e4t tai haavoittuvassa asemassa olevat henkil\u00f6t, suositellaan, ett\u00e4 sovellus m\u00e4\u00e4ritet\u00e4\u00e4n perheenj\u00e4senten tai hoitajien avustuksella.<\/p><p class=\"p1\"><b>15. Tietosuoja<\/b><\/p><p class=\"p2\">Henkil\u00f6tietojen k\u00e4sittely kuvataan erillisess\u00e4 asiakirjassa:<\/p><p class=\"p2\">Tryghedsappenin tietosuojak\u00e4yt\u00e4nt\u00f6.<\/p><p class=\"p1\"><b>16. Palvelun p\u00e4\u00e4tt\u00e4minen<\/b><\/p><p class=\"p2\">Palveluntarjoaja pid\u00e4tt\u00e4\u00e4 oikeuden keskeytt\u00e4\u00e4 tai lopettaa p\u00e4\u00e4syn palveluun tarvittaessa, mukaan lukien v\u00e4\u00e4rink\u00e4ytt\u00f6tapaukset, n\u00e4iden ehtojen rikkominen sek\u00e4 tekniset tai toiminnalliset vaatimukset.<\/p><p class=\"p2\">K\u00e4ytt\u00e4j\u00e4t voivat lopettaa palvelun k\u00e4yt\u00f6n milloin tahansa poistamalla sovelluksen laitteestaan.<\/p><p class=\"p1\"><b>17. Ehtojen muutokset<\/b><\/p><p class=\"p2\">Palveluntarjoaja voi aika ajoin p\u00e4ivitt\u00e4\u00e4 tai muuttaa n\u00e4it\u00e4 ehtoja.<\/p><p class=\"p2\">Viimeisin versio on aina saatavilla seuraavien kautta:<\/p><ul class=\"ul1\"><li class=\"li2\">mobiilisovellus<\/li><li class=\"li2\">verkkosivusto www.tryghedsappen.dk<\/li><\/ul><p class=\"p1\"><b>18. Oikeudellisia ilmoituksia koskeva yhteystieto<\/b><\/p><p class=\"p2\">Oikeudelliset ilmoitukset, vaatimustenmukaisuuspyynn\u00f6t tai s\u00e4\u00e4ntely\u00e4 koskevat tiedustelut voidaan l\u00e4hett\u00e4\u00e4 osoitteeseen:<\/p><p class=\"p2\">terms@feelingsafe.uk<\/p><p class=\"p1\"><b>19. Sovellettava laki ja toimivalta<\/b><\/p><p class=\"p2\">N\u00e4ihin ehtoihin sovelletaan Tanskan lakia, kuitenkin pakottavat kuluttajansuojaa koskevat s\u00e4\u00e4nn\u00f6kset, joita sovelletaan seuraavilla alueilla:<\/p><ul class=\"ul1\"><li class=\"li2\">Euroopan unioni<\/li><li class=\"li2\">Yhdistynyt kuningaskunta<\/li><\/ul><p class=\"p1\"><b>20. Kuluttajaneuvonta ja riidanratkaisu Suomessa<\/b><\/p><p class=\"p2\">Jos suomalainen kuluttaja ja palveluntarjoaja eiv\u00e4t p\u00e4\u00e4se asiassa sovintoon, kuluttaja voi pyyt\u00e4\u00e4 neuvoja Suomen Kilpailu- ja kuluttajaviraston kuluttajaneuvonnasta. Kuluttajaneuvonta antaa tietoa kuluttajaoikeudesta sek\u00e4 opastusta riitatilanteissa.<\/p><p class=\"p2\">Kuluttaja voi halutessaan saattaa asian my\u00f6s Kuluttajariitalautakunnan k\u00e4sitelt\u00e4v\u00e4ksi sen j\u00e4lkeen, kun asia on ensin pyritty ratkaisemaan kuluttajaneuvonnan avulla tai muutoin suoraan osapuolten v\u00e4lill\u00e4.<\/p><p class=\"p1\"><b>21. Tieto vaihtoehtoisesta riidanratkaisusta<\/b><\/p><p class=\"p2\">Kuluttajariitalautakunta on Suomessa toimiva vaihtoehtoisen riidanratkaisun elin kuluttajariitoja varten. Menettely on kirjallinen eik\u00e4 siit\u00e4 yleens\u00e4 perit\u00e4 maksua kuluttajalta.<\/p><p class=\"p2\">Euroopan unionin verkkov\u00e4litteinen riidanratkaisualusta (ODR) on lakkautettu 20.7.2025 alkaen. T\u00e4m\u00e4n vuoksi t\u00e4h\u00e4n palveluun liittyvi\u00e4 kuluttajariitoja koskevat tiedot annetaan t\u00e4m\u00e4n asiakirjan sek\u00e4 kansallisten riidanratkaisuelinten kautta.<\/p><p class=\"p1\"><b>22. Kielen etusijaa koskeva lauseke<\/b><\/p><p class=\"p2\">Jos t\u00e4m\u00e4n asiakirjan kieliversioiden v\u00e4lill\u00e4 ilmenee ristiriitaa, Suomessa asuviin tai Suomessa kuluttajina toimiviin k\u00e4ytt\u00e4jiin sovellettaessa ensisijainen tulkinta on suomenkielisell\u00e4 versiolla silt\u00e4 osin kuin pakottava Suomen kuluttajansuojalains\u00e4\u00e4d\u00e4nt\u00f6 sit\u00e4 edellytt\u00e4\u00e4.<\/p>\t\t\t\t\t\t\t\t<\/div>\n\t\t\t\t<\/div>\n\t\t\t\t<\/div>\n\t\t\t\t\t<\/div>\n\t\t\t\t<\/div>\n\t\t\t\t<\/div>\n\t\t","protected":false},"excerpt":{"rendered":"<p>Ehdot FeelingSafe (Tryghedsappen) -mobiilisovelluksen k\u00e4ytt\u00f6\u00e4 varten 1. Palveluntarjoaja FeelingSafe-sovelluksen tarjoaa: Tryghedsappen ApSCVR: 45 73 31 22Suomisvej 41927 Frederiksberg C Tanska Tuki ja yleiset yhteydenotot: terms@feelingsafe.uk N\u00e4m\u00e4 sopimusehdot koskevat Tryghedsappen-mobiilisovelluksen, siihen liittyvien palvelujen ja verkkosivuston k\u00e4ytt\u00f6\u00e4: www.feelingsafe.dk 2. Palvelun kuvaus Tryghedsappen on mobiilisovellus, jonka tarkoituksena on mahdollistaa k\u00e4ytt\u00e4jille nopea avun pyyt\u00e4minen henkil\u00f6kohtaiselta verkostoltaan. Sovelluksessa on h\u00e4lytyspainike, [&hellip;]<\/p>\n","protected":false},"author":1,"featured_media":0,"parent":0,"menu_order":0,"comment_status":"closed","ping_status":"closed","template":"","meta":{"footnotes":""},"class_list":["post-2772","page","type-page","status-publish","hentry"],"_links":{"self":[{"href":"https:\/\/tryghedsappen.dk\/fi\/wp-json\/wp\/v2\/pages\/2772","targetHints":{"allow":["GET"]}}],"collection":[{"href":"https:\/\/tryghedsappen.dk\/fi\/wp-json\/wp\/v2\/pages"}],"about":[{"href":"https:\/\/tryghedsappen.dk\/fi\/wp-json\/wp\/v2\/types\/page"}],"author":[{"embeddable":true,"href":"https:\/\/tryghedsappen.dk\/fi\/wp-json\/wp\/v2\/users\/1"}],"replies":[{"embeddable":true,"href":"https:\/\/tryghedsappen.dk\/fi\/wp-json\/wp\/v2\/comments?post=2772"}],"version-history":[{"count":4,"href":"https:\/\/tryghedsappen.dk\/fi\/wp-json\/wp\/v2\/pages\/2772\/revisions"}],"predecessor-version":[{"id":2819,"href":"https:\/\/tryghedsappen.dk\/fi\/wp-json\/wp\/v2\/pages\/2772\/revisions\/2819"}],"wp:attachment":[{"href":"https:\/\/tryghedsappen.dk\/fi\/wp-json\/wp\/v2\/media?parent=2772"}],"curies":[{"name":"wp","href":"https:\/\/api.w.org\/{rel}","templated":true}]}}