{"id":2741,"date":"2026-01-21T06:52:26","date_gmt":"2026-01-21T05:52:26","guid":{"rendered":"https:\/\/tryghedsappen.dk\/tietosuojakaeytaentoe\/"},"modified":"2026-03-18T08:41:21","modified_gmt":"2026-03-18T07:41:21","slug":"tietosuojakaeytaentoe","status":"publish","type":"page","link":"https:\/\/tryghedsappen.dk\/fi\/tietosuojakaeytaentoe\/","title":{"rendered":"Tietosuojak\u00e4yt\u00e4nt\u00f6"},"content":{"rendered":"\t\t<div data-elementor-type=\"wp-page\" data-elementor-id=\"2741\" class=\"elementor elementor-2741 elementor-1305\" data-elementor-post-type=\"page\">\n\t\t\t\t<div class=\"elementor-element elementor-element-06273bd e-flex e-con-boxed e-con e-parent\" data-id=\"06273bd\" data-element_type=\"container\" data-e-type=\"container\" data-settings=\"{&quot;background_background&quot;:&quot;classic&quot;}\">\n\t\t\t\t\t<div class=\"e-con-inner\">\n\t\t\t\t<div class=\"elementor-element elementor-element-9ab8fb6 elementor-widget elementor-widget-heading\" data-id=\"9ab8fb6\" data-element_type=\"widget\" data-e-type=\"widget\" data-widget_type=\"heading.default\">\n\t\t\t\t\t<h2 class=\"elementor-heading-title elementor-size-default\">Tietosuojak\u00e4yt\u00e4nt\u00f6<\/h2>\t\t\t\t<\/div>\n\t\t\t\t\t<\/div>\n\t\t\t\t<\/div>\n\t\t<div class=\"elementor-element elementor-element-03a4ad9 e-flex e-con-boxed e-con e-parent\" data-id=\"03a4ad9\" data-element_type=\"container\" data-e-type=\"container\" data-settings=\"{&quot;background_background&quot;:&quot;classic&quot;}\">\n\t\t\t\t\t<div class=\"e-con-inner\">\n\t\t<div class=\"elementor-element elementor-element-17375a4 e-con-full e-flex e-con e-child\" data-id=\"17375a4\" data-element_type=\"container\" data-e-type=\"container\">\n\t\t<div class=\"elementor-element elementor-element-ba862ec e-con-full e-flex e-con e-child\" data-id=\"ba862ec\" data-element_type=\"container\" data-e-type=\"container\" data-settings=\"{&quot;background_background&quot;:&quot;classic&quot;}\">\n\t\t\t\t<div class=\"elementor-element elementor-element-17f2174 elementor-widget elementor-widget-heading\" data-id=\"17f2174\" data-element_type=\"widget\" data-e-type=\"widget\" data-widget_type=\"heading.default\">\n\t\t\t\t\t<h2 class=\"elementor-heading-title elementor-size-default\">Tietosuojaseloste \u2013 Tryghedsappen (tunnetaan my\u00f6s nimell\u00e4 FeelingSafe)<\/h2>\t\t\t\t<\/div>\n\t\t\t\t<div class=\"elementor-element elementor-element-bf78fa5 elementor-widget elementor-widget-text-editor\" data-id=\"bf78fa5\" data-element_type=\"widget\" data-e-type=\"widget\" data-widget_type=\"text-editor.default\">\n\t\t\t\t\t\t\t\t\t<p class=\"p1\">Effective date: 2026-03-04<\/p><p class=\"p1\"><b>Rekisterinpit\u00e4j\u00e4<\/b><\/p><p class=\"p2\">Tryghedsappen ApS<br \/>Suomivej 4<br \/>1927 K\u00f8benhavn F<br \/>Denmark<\/p><p class=\"p2\">CVR: 45 73 31 22<\/p><p class=\"p3\">Email: gdpr@tryghedsappen.dk<\/p><p class=\"p4\"><b>1. Rekisterinpit\u00e4j\u00e4<\/b><\/p><p class=\"p3\">Tryghedsappen ApS toimii rekisterinpit\u00e4j\u00e4n\u00e4 henkil\u00f6tietojen k\u00e4sittelyss\u00e4 Tryghedsappen-mobiilisovelluksessa (tunnetaan my\u00f6s nimell\u00e4 FeelingSafe) ja siihen liittyviss\u00e4 tukipalveluissa.<\/p><p class=\"p4\"><b>2. Soveltamisala<\/b><\/p><p class=\"p3\">T\u00e4m\u00e4 seloste koskee Tryghedsappen-sovellusta, siihen liittyvi\u00e4 turvallisuus- ja h\u00e4lytyspalveluja sek\u00e4 asiakastukea. Tilaukset ja maksut hoidetaan Apple App Storen ja Google Playn kautta niiden omien ehtojen ja k\u00e4yt\u00e4nt\u00f6jen mukaisesti.<\/p><p class=\"p4\"><b>3. Henkil\u00f6tietojen kategoriat<\/b><\/p><p class=\"p3\">K\u00e4sittelemme vain palvelun kannalta v\u00e4ltt\u00e4m\u00e4tt\u00f6mi\u00e4 tietoja, kuten: tili-ID (Apple\/Google-kirjautuminen), mahdollinen v\u00e4lityss\u00e4hk\u00f6posti, k\u00e4ytt\u00e4j\u00e4n sy\u00f6tt\u00e4m\u00e4t h\u00e4t\u00e4yhteystiedot (nimi, puhelin, s\u00e4hk\u00f6posti tarvittaessa), h\u00e4lytystapahtumat (aika, tila, vastaanottajat, toimitusvahvistukset), sijainti vain aktiivisen h\u00e4lytyksen aikana, laite-\/sovellustiedot (laitetyyppi, k\u00e4ytt\u00f6j\u00e4rjestelm\u00e4, sovellusversio), turvallisuus-\/tunnistautumistiedot (tokenit, p\u00e4\u00e4sylokit) sek\u00e4 asiakastukiviestint\u00e4.<\/p><p class=\"p4\"><b>4. Tarkoitukset ja oikeusperuste<\/b><\/p><p class=\"p5\">K\u00e4sittelemme henkil\u00f6tietoja: (A) palvelun toimittamiseksi, k\u00e4ytt\u00f6oikeuksien hallintaan ja tilauksiin \u2013 sopimus (GDPR 6(1)(b)); (B) turvallisuuteen, v\u00e4\u00e4rink\u00e4yt\u00f6sten\/huijausten ehk\u00e4isyyn ja toimintavarmuuteen \u2013 oikeutettu etu (GDPR 6(1)(f)); ja (C) lakis\u00e4\u00e4teisten velvoitteiden noudattamiseksi (esim. kirjanpito) \u2013 lakis\u00e4\u00e4teinen velvoite (GDPR 6(1)(c)).<\/p><p class=\"p3\">Oikeutettu etu (lyhyt punninta): rajaamme lokituksen ja valvonnan v\u00e4ltt\u00e4m\u00e4tt\u00f6m\u00e4\u00e4n, emme k\u00e4yt\u00e4 analytiikkaa tai mainosseurantaa, ja sovellamme k\u00e4ytt\u00f6oikeusrajoituksia sek\u00e4 rajattuja s\u00e4ilytysaikoja.<\/p><p class=\"p4\"><b>5. Sijaintitiedot<\/b><\/p><p class=\"p3\">Sijaintia k\u00e4sitell\u00e4\u00e4n vain, kun k\u00e4ytt\u00e4j\u00e4 aktivoi h\u00e4lytyksen. Emme suorita jatkuvaa tai taustalla tapahtuvaa sijainnin seurantaa. Sijainti jaetaan valituille kontakteille ja sit\u00e4 voidaan s\u00e4ilytt\u00e4\u00e4 h\u00e4lytyshistoriassa rajoitetun ajan.<\/p><p class=\"p4\"><b>6. S\u00e4ilytysajat<\/b><\/p><p class=\"p5\">S\u00e4ilytysajat (ellei laki edellyt\u00e4 pidemp\u00e4\u00e4): tilitiedot aktiivisen tilin ajan + enint\u00e4\u00e4n 24 kuukautta viimeisest\u00e4 toiminnasta; h\u00e4lytyshistoria (sis. sijainti) enint\u00e4\u00e4n 6 kuukautta; turvalokit enint\u00e4\u00e4n 12 kuukautta; asiakastuki enint\u00e4\u00e4n 36 kuukautta; kirjanpito-\/tilaustiedot tyypillisesti 5 vuotta.<\/p><p class=\"p3\">T\u00e4m\u00e4n j\u00e4lkeen tiedot poistetaan tai anonymisoidaan peruuttamattomasti, ellei s\u00e4ilytt\u00e4minen ole tarpeen lain tai oikeudellisten vaateiden vuoksi.<\/p><p class=\"p4\"><b>7. Vastaanottajat ja k\u00e4sittelij\u00e4t<\/b><\/p><p class=\"p5\">K\u00e4yt\u00e4mme valittuja palveluntarjoajia (k\u00e4sittelij\u00f6it\u00e4) GDPR:n 28 artiklan mukaisesti, mukaan lukien Google Cloud EU-alueilla (esim. Irlanti\/Suomi). Apple ja Google voivat toimia osin itsen\u00e4isin\u00e4 rekisterinpit\u00e4jin\u00e4 tunnistautumisessa ja maksuissa.<\/p><p class=\"p3\">Emme myy henkil\u00f6tietoja emmek\u00e4 k\u00e4yt\u00e4 analytiikkaa tai mainosseurantaa.<\/p><p class=\"p4\"><b>8. Kansainv\u00e4liset siirrot<\/b><\/p><p class=\"p3\">Tiedot s\u00e4ilytet\u00e4\u00e4n EU\/ETA-alueella. Jos henkil\u00f6tietoja siirret\u00e4\u00e4n EU\/ETA-alueen tai UK:n ulkopuolelle, k\u00e4yt\u00e4mme asianmukaisia suojatoimia kuten SCC-lausekkeita ja tarvittaessa UK-lis\u00e4yst\u00e4 sek\u00e4 teemme riskiarvioinnin vaadittaessa (Schrems II).<\/p><p class=\"p4\"><b>9. Lapset<\/b><\/p><p class=\"p3\">Sovellus on tarkoitettu vain aikuisille (18+). Emme tietoisesti ker\u00e4\u00e4 lasten henkil\u00f6tietoja. Jos havaitsemme lasten tietoja, poistamme ne viipym\u00e4tt\u00e4.<\/p><p class=\"p4\"><b>10. Oikeutesi<\/b><\/p><p class=\"p5\">Sinulla on oikeus saada p\u00e4\u00e4sy tietoihin, oikaista, poistaa, rajoittaa k\u00e4sittely\u00e4, vastustaa k\u00e4sittely\u00e4 (erityisesti oikeutetun edun perusteella) sek\u00e4 siirt\u00e4\u00e4 tiedot (soveltuvin osin). Ota yhteytt\u00e4: gdpr@tryghedsappen.dk.<\/p><p class=\"p3\">Tietyt tiedot ovat v\u00e4ltt\u00e4m\u00e4tt\u00f6mi\u00e4 palvelun toimimiseksi.<\/p><p class=\"p4\"><b>11. Tietoturva<\/b><\/p><p class=\"p3\">Toteutamme asianmukaiset tekniset ja organisatoriset toimet, kuten: TLS-salaus, k\u00e4ytt\u00f6oikeuksien hallinta (v\u00e4himm\u00e4isoikeudet) ja lokitus, valvonta ja poikkeamien hallinta, s\u00e4\u00e4nn\u00f6lliset tietoturvap\u00e4ivitykset sek\u00e4 salassapito- ja p\u00e4\u00e4synhallinta.<\/p><p class=\"p4\"><b>12. Valitukset<\/b><\/p><p class=\"p3\">Voit tehd\u00e4 valituksen toimivaltaiselle tietosuojaviranomaiselle erityisesti asuin- tai ty\u00f6skentelymaassasi tai oletetun rikkomuksen tapahtumapaikassa.<\/p><p class=\"p4\"><b>13. Kieliversiot<\/b><\/p><p class=\"p5\">Jos seloste on saatavilla useilla kielill\u00e4, tarkoitus on, ett\u00e4 jokainen kieliversio v\u00e4litt\u00e4\u00e4 saman sis\u00e4ll\u00f6n. Mahdollisissa ristiriidoissa sovelletaan sit\u00e4 versiota, joka parhaiten vastaa toimivaltaista, m\u00e4\u00e4r\u00e4ysvaltaista kieliversiota omassa oikeuspiiriss\u00e4si.<\/p>\t\t\t\t\t\t\t\t<\/div>\n\t\t\t\t<\/div>\n\t\t\t\t<\/div>\n\t\t\t\t\t<\/div>\n\t\t\t\t<\/div>\n\t\t\t\t<\/div>\n\t\t","protected":false},"excerpt":{"rendered":"<p>Tietosuojak\u00e4yt\u00e4nt\u00f6 Tietosuojaseloste \u2013 Tryghedsappen (tunnetaan my\u00f6s nimell\u00e4 FeelingSafe) Effective date: 2026-03-04 Rekisterinpit\u00e4j\u00e4 Tryghedsappen ApSSuomivej 41927 K\u00f8benhavn FDenmark CVR: 45 73 31 22 Email: gdpr@tryghedsappen.dk 1. Rekisterinpit\u00e4j\u00e4 Tryghedsappen ApS toimii rekisterinpit\u00e4j\u00e4n\u00e4 henkil\u00f6tietojen k\u00e4sittelyss\u00e4 Tryghedsappen-mobiilisovelluksessa (tunnetaan my\u00f6s nimell\u00e4 FeelingSafe) ja siihen liittyviss\u00e4 tukipalveluissa. 2. Soveltamisala T\u00e4m\u00e4 seloste koskee Tryghedsappen-sovellusta, siihen liittyvi\u00e4 turvallisuus- ja h\u00e4lytyspalveluja sek\u00e4 asiakastukea. Tilaukset [&hellip;]<\/p>\n","protected":false},"author":1,"featured_media":0,"parent":0,"menu_order":0,"comment_status":"closed","ping_status":"open","template":"","meta":{"footnotes":""},"class_list":["post-2741","page","type-page","status-publish","hentry"],"_links":{"self":[{"href":"https:\/\/tryghedsappen.dk\/fi\/wp-json\/wp\/v2\/pages\/2741","targetHints":{"allow":["GET"]}}],"collection":[{"href":"https:\/\/tryghedsappen.dk\/fi\/wp-json\/wp\/v2\/pages"}],"about":[{"href":"https:\/\/tryghedsappen.dk\/fi\/wp-json\/wp\/v2\/types\/page"}],"author":[{"embeddable":true,"href":"https:\/\/tryghedsappen.dk\/fi\/wp-json\/wp\/v2\/users\/1"}],"replies":[{"embeddable":true,"href":"https:\/\/tryghedsappen.dk\/fi\/wp-json\/wp\/v2\/comments?post=2741"}],"version-history":[{"count":4,"href":"https:\/\/tryghedsappen.dk\/fi\/wp-json\/wp\/v2\/pages\/2741\/revisions"}],"predecessor-version":[{"id":2788,"href":"https:\/\/tryghedsappen.dk\/fi\/wp-json\/wp\/v2\/pages\/2741\/revisions\/2788"}],"wp:attachment":[{"href":"https:\/\/tryghedsappen.dk\/fi\/wp-json\/wp\/v2\/media?parent=2741"}],"curies":[{"name":"wp","href":"https:\/\/api.w.org\/{rel}","templated":true}]}}